{"id":2,"date":"2016-06-29T12:18:44","date_gmt":"2016-06-29T12:18:44","guid":{"rendered":"http:\/\/radtech.ca\/fr\/?page_id=2"},"modified":"2025-11-27T09:26:57","modified_gmt":"2025-11-27T14:26:57","slug":"sample-page","status":"publish","type":"page","link":"https:\/\/radtech.ca\/fr\/","title":{"rendered":"Accueil"},"content":{"rendered":"\n<h1>\n\t\tOn entretient les saisons\n\t<\/h1>\n\t<p>Chef de file dans la conception et la fabrication d&rsquo;\u00e9quipements hivernaux et autres solutions adapt\u00e9es pour l&rsquo;entretien saisonnier et les travaux d&rsquo;am\u00e9nagement.<\/p>\n<h1>\n\t\tOn entretient les saisons\n\t<\/h1>\n\t<p>Chef de file dans la conception et la fabrication d&rsquo;\u00e9quipements hivernaux et autres solutions adapt\u00e9es pour l&rsquo;entretien saisonnier et les travaux d&rsquo;am\u00e9nagement.<\/p>\n\t\t<h2>\n\t\t\tNotre expertise\n\t\t<\/h2>\n\t\t<h4>Ing\u00e9nierie &#038; Design<\/h4>\n\t\t\t\t<img decoding=\"async\" src=\"https:\/\/radtech.ca\/fr\/wp-content\/uploads\/sites\/3\/2021\/03\/sketch.png\" alt=\"sketch\" \/>\n\t\t\t<p>Nous offrons un service cl\u00e9 en main de la conception \u00e0 la livraison tout en respectant les garanties et standards \u00e9lev\u00e9s de nos clients.<\/p>\t\t\n\t\t<h4>Hiver et autres saisons<\/h4>\n\t\t\t\t<img decoding=\"async\" src=\"https:\/\/radtech.ca\/fr\/wp-content\/uploads\/sites\/3\/2021\/05\/weather-1.png\" alt=\"weather (1)\" \/>\n\t\t\t<p>Nous offrons une vaste gamme de produits adapt\u00e9s pour l&rsquo;entretien saisonnier et les travaux d&rsquo;am\u00e9nagement.<\/p>\t\t\n\t\t<h4>Fabrication<\/h4>\n\t\t\t\t<img decoding=\"async\" src=\"https:\/\/radtech.ca\/fr\/wp-content\/uploads\/sites\/3\/2021\/03\/customer-support.png\" alt=\"customer-support\" \/>\n\t\t\t<p>Nous desservons les principaux OEM ainsi que les concessionnaires ind\u00e9pendants depuis plus de 65 ans.<\/p>\t\t\n\t\t\t\t<img decoding=\"async\" loading=\"lazy\" src=\"https:\/\/radtech.ca\/fr\/wp-content\/uploads\/sites\/3\/1620\/31\/Cad-work.png\" alt=\"Cad work\" itemprop=\"image\" height=\"1610\" width=\"2720\" title=\"Cad work\" onerror=\"this.style.display='none'\"  \/>\n\t\t\t<h4>Innovation Technologie<\/h4>\n\t\t\t<p>Nous innovons dans la conception de nos produits en adaptant les meilleures technologies aux besoins des march\u00e9s, pour ensuite les soumettre \u00e0 des essais rigoureux pour en assurer la performance et la durabilit\u00e9.<\/p>\t\t\n\t\t\t\t<a href=\"http:\/\/radtech.ca\/fr\/produits\" target=\"_self\" rel=\"noopener\">\n\t\t\t\t\t\t\t\t\t\tVoir les produits\t\t\t\t\t\t\t\t\t<\/a>\n\t\t\t\t<img decoding=\"async\" loading=\"lazy\" src=\"https:\/\/radtech.ca\/fr\/wp-content\/uploads\/sites\/3\/1620\/31\/Cad-work.png\" alt=\"Cad work\" itemprop=\"image\" height=\"1610\" width=\"2720\" title=\"Cad work\" onerror=\"this.style.display='none'\"  \/>\n\t\t\t<h4>Innovation Technologie<\/h4>\n\t\t\t<p>Nous innovons dans la conception de nos produits en adaptant les meilleures technologies aux besoins des march\u00e9s, pour ensuite les soumettre \u00e0 des essais rigoureux pour en assurer la performance et la durabilit\u00e9.<\/p>\t\t\n\t\t\t\t<a href=\"http:\/\/radtech.ca\/fr\/produits\" target=\"_self\" rel=\"noopener\">\n\t\t\t\t\t\t\t\t\t\tVoir les produits\t\t\t\t\t\t\t\t\t<\/a>\n\t\t\t\t<img decoding=\"async\" loading=\"lazy\" src=\"https:\/\/radtech.ca\/fr\/wp-content\/uploads\/sites\/3\/1620\/31\/DSCN9736-scaled.jpg\" alt=\"DSCN9736\" itemprop=\"image\" height=\"2560\" width=\"2560\" title=\"DSCN9736\" onerror=\"this.style.display='none'\"  \/>\n\t\t\t<h4>\u00c0 la recherche d&rsquo;un nouveau d\u00e9fi ?<\/h4>\n\t\t\t<p>RAD Technologies Inc. est constamment en \u00e9volution et est \u00e0 la recherche de nouveaux talents pour combler des postes de tous types. Consulter la section emploi disponible pour postuler dans un domaine qui vous int\u00e9resse.<\/p>\t\t\n\t\t\t\t<a href=\"https:\/\/radtech.ca\/fr\/emploi\/\" target=\"_self\" rel=\"noopener\">\n\t\t\t\t\t\t\t\t\t\tVoir les emplois\t\t\t\t\t\t\t\t\t<\/a>\n\t\t\t\t<img decoding=\"async\" loading=\"lazy\" src=\"https:\/\/radtech.ca\/fr\/wp-content\/uploads\/sites\/3\/1620\/31\/DSCN9736-scaled.jpg\" alt=\"DSCN9736\" itemprop=\"image\" height=\"2560\" width=\"2560\" title=\"DSCN9736\" onerror=\"this.style.display='none'\"  \/>\n\t\t\t<h4>\u00c0 la recherche d&rsquo;un nouveau d\u00e9fi ?<\/h4>\n\t\t\t<p>RAD Technologies Inc. est constamment en \u00e9volution et est \u00e0 la recherche de nouveaux talents pour combler des postes de tous types. Consulter la section emploi disponible pour postuler dans un domaine qui vous int\u00e9resse.<\/p>\t\t\n\t\t\t\t<a href=\"https:\/\/radtech.ca\/fr\/emploi\/\" target=\"_self\" rel=\"noopener\">\n\t\t\t\t\t\t\t\t\t\tVoir les emplois\t\t\t\t\t\t\t\t\t<\/a>\n\t\t<h2>\n\t\t\tVous avez des besoins sp\u00e9cifiques ?\n\t\t<\/h2>\n\t\t\t<p>Contacter notre \u00e9quipe et nous vous reviendrons dans de tr\u00e8s brefs d\u00e9lais afin de r\u00e9pondre \u00e0 votre demande. Veuillez noter que seulement les demandes qui concernent notre entreprise auront un suivi. Pour toutes questions reli\u00e9es au fabricant, contacter ceux-ci respectivement.<\/p>\t\t\n\n","protected":false},"excerpt":{"rendered":"<p>On entretient les saisons Chef de file dans la conception et la fabrication d&rsquo;\u00e9quipements hivernaux et autres solutions adapt\u00e9es pour l&rsquo;entretien saisonnier et les travaux d&rsquo;am\u00e9nagement. On entretient les saisons Chef de file dans la conception et la fabrication d&rsquo;\u00e9quipements hivernaux et autres solutions adapt\u00e9es pour l&rsquo;entretien saisonnier et les travaux d&rsquo;am\u00e9nagement. Notre expertise Ing\u00e9nierie &hellip;<\/p>\n<p class=\"read-more\"> <a class=\"\" href=\"https:\/\/radtech.ca\/fr\/\"> <span class=\"screen-reader-text\">Accueil<\/span> Read More \u00bb<\/a><\/p>\n","protected":false},"author":1,"featured_media":0,"parent":0,"menu_order":0,"comment_status":"closed","ping_status":"open","template":"","meta":{"_mi_skip_tracking":false,"_monsterinsights_sitenote_active":false,"_monsterinsights_sitenote_note":"","_monsterinsights_sitenote_category":0,"site-sidebar-layout":"no-sidebar","site-content-layout":"page-builder","ast-site-content-layout":"full-width-container","site-content-style":"unboxed","site-sidebar-style":"unboxed","ast-global-header-display":"","ast-banner-title-visibility":"","ast-main-header-display":"","ast-hfb-above-header-display":"","ast-hfb-below-header-display":"","ast-hfb-mobile-header-display":"","site-post-title":"disabled","ast-breadcrumbs-content":"","ast-featured-img":"disabled","footer-sml-layout":"","theme-transparent-header-meta":"default","adv-header-id-meta":"","stick-header-meta":"default","header-above-stick-meta":"","header-main-stick-meta":"","header-below-stick-meta":"","astra-migrate-meta-layouts":"set","footnotes":""},"aioseo_notices":[],"_links":{"self":[{"href":"https:\/\/radtech.ca\/fr\/wp-json\/wp\/v2\/pages\/2"}],"collection":[{"href":"https:\/\/radtech.ca\/fr\/wp-json\/wp\/v2\/pages"}],"about":[{"href":"https:\/\/radtech.ca\/fr\/wp-json\/wp\/v2\/types\/page"}],"author":[{"embeddable":true,"href":"https:\/\/radtech.ca\/fr\/wp-json\/wp\/v2\/users\/1"}],"replies":[{"embeddable":true,"href":"https:\/\/radtech.ca\/fr\/wp-json\/wp\/v2\/comments?post=2"}],"version-history":[{"count":77,"href":"https:\/\/radtech.ca\/fr\/wp-json\/wp\/v2\/pages\/2\/revisions"}],"predecessor-version":[{"id":1025,"href":"https:\/\/radtech.ca\/fr\/wp-json\/wp\/v2\/pages\/2\/revisions\/1025"}],"wp:attachment":[{"href":"https:\/\/radtech.ca\/fr\/wp-json\/wp\/v2\/media?parent=2"}],"curies":[{"name":"wp","href":"https:\/\/api.w.org\/{rel}","templated":true}]}}