{"id":143,"date":"2021-03-21T14:46:15","date_gmt":"2021-03-21T14:46:15","guid":{"rendered":"http:\/\/radtech.ca\/fr\/?page_id=143"},"modified":"2025-08-27T10:23:08","modified_gmt":"2025-08-27T14:23:08","slug":"emploi","status":"publish","type":"page","link":"https:\/\/radtech.ca\/fr\/emploi\/","title":{"rendered":"Emploi"},"content":{"rendered":"\n<h1>\n\t\tEmploi\n\t<\/h1>\n\t<h2>RAD Technologies inc. est plus qu&rsquo;un manufacturier &#8211; nous comprenons que ce ne sont pas les organisations qui ont des id\u00e9es, mais bien leurs employ\u00e9s, par cons\u00e9quent nous offrons un environnement propice aux id\u00e9es innovantes. Nous croyons que tout ce qui peut \u00eatre fait peut \u00eatre am\u00e9lior\u00e9.<\/h2>\n\t\t\t<a href=\"mailto:cv@radtech.com\" target=\"_self\" role=\"button\" rel=\"noopener\">\n\t\t\t\t\t\t\tEnvoyez-nous votre candidature!\n\t\t\t\t\t<\/a>\n\t\t<h2>\n\t\t\tValeurs fondamentales de RAD Technologies inc.\n\t\t<\/h2>\n\t\t\t\t<img decoding=\"async\" src=\"https:\/\/radtech.ca\/fr\/wp-content\/uploads\/sites\/3\/2021\/04\/binoculars-1.png\" alt=\"binoculars (1)\" \/>\n\t\t<h4>Rigueur<\/h4>\n\t\t\t\t<img decoding=\"async\" src=\"https:\/\/radtech.ca\/fr\/wp-content\/uploads\/sites\/3\/2021\/04\/self-esteem.png\" alt=\"self-esteem\" \/>\n\t\t<h4>Autonomie<\/h4>\n\t\t\t\t<img decoding=\"async\" src=\"https:\/\/radtech.ca\/fr\/wp-content\/uploads\/sites\/3\/2021\/04\/balance.png\" alt=\"balance\" \/>\n\t\t<h4>Int\u00e9grit\u00e9<\/h4>\n\t\t\t\t<img decoding=\"async\" src=\"https:\/\/radtech.ca\/fr\/wp-content\/uploads\/sites\/3\/2021\/04\/team.png\" alt=\"team\" \/>\n\t\t<h4>Travail d&rsquo;\u00e9quipe<\/h4>\n\t\t\t\t<img decoding=\"async\" src=\"https:\/\/radtech.ca\/fr\/wp-content\/uploads\/sites\/3\/2021\/04\/diversity.png\" alt=\"diversity\" \/>\n\t\t<h4>Respect<\/h4>\n\t\t\t\t<img decoding=\"async\" src=\"https:\/\/radtech.ca\/fr\/wp-content\/uploads\/sites\/3\/2021\/04\/adaptation.png\" alt=\"adaptation\" \/>\n\t\t<h4>Capacit\u00e9 d&rsquo;adaptation<\/h4>\n\t\t<h2>\n\t\t\tAvantages employ\u00e9s\n\t\t<\/h2>\n\t<p>Profiter d&rsquo;assurances collectives et d&rsquo;invalidit\u00e9 longue dur\u00e9e en travaillant chez Rad technologies Inc.<\/p>\n\t<p>B\u00e9n\u00e9ficier de 4 cong\u00e9s mobiles\/maladies apr\u00e8s 1 an d&rsquo;anciennet\u00e9 pour pallier au impr\u00e9vu.<\/p>\n\t<p>Rad technologies Inc. contribue \u00e0 un fonds d&rsquo;action (fonds de solidarit\u00e9 FTQ) pour vous assurez une belle retraite.<\/p>\n\t<p>Une prime pour le quart de soir est accord\u00e9e au employ\u00e9 afin de rendre ce dernier plus all\u00e9chant.<\/p>\n\t<p>Possibilit\u00e9 de progresser dans l&rsquo;entreprise suite \u00e0 des affichages de poste \u00e0 l&rsquo;interne.<\/p>\n\t\t<h2>\n\t\t\tOpportunit\u00e9s de carri\u00e8re\n\t\t<\/h2>\n\t<p>Nous recherchons des personnes fiables et passionn\u00e9es pour nous aider \u00e0 relever des d\u00e9fis audacieux et incroyablement gratifiant. Si vous \u00eates pr\u00eat \u00e0 \u00eatre inspir\u00e9, \u00e0 r\u00e9soudre des probl\u00e8mes, \u00e0 \u00e9voluer professionnellement et \u00e0 lib\u00e9rer votre talent, nous vous recherchons. Vous \u00eates la suite!<\/p>\n\n","protected":false},"excerpt":{"rendered":"<p>Emploi RAD Technologies inc. est plus qu&rsquo;un manufacturier &#8211; nous comprenons que ce ne sont pas les organisations qui ont des id\u00e9es, mais bien leurs employ\u00e9s, par cons\u00e9quent nous offrons un environnement propice aux id\u00e9es innovantes. Nous croyons que tout ce qui peut \u00eatre fait peut \u00eatre am\u00e9lior\u00e9. Envoyez-nous votre candidature! Valeurs fondamentales de RAD &hellip;<\/p>\n<p class=\"read-more\"> <a class=\"\" href=\"https:\/\/radtech.ca\/fr\/emploi\/\"> <span class=\"screen-reader-text\">Emploi<\/span> Read More \u00bb<\/a><\/p>\n","protected":false},"author":1,"featured_media":0,"parent":0,"menu_order":0,"comment_status":"closed","ping_status":"closed","template":"","meta":{"_mi_skip_tracking":false,"_monsterinsights_sitenote_active":false,"_monsterinsights_sitenote_note":"","_monsterinsights_sitenote_category":0,"site-sidebar-layout":"no-sidebar","site-content-layout":"page-builder","ast-site-content-layout":"full-width-container","site-content-style":"unboxed","site-sidebar-style":"unboxed","ast-global-header-display":"","ast-banner-title-visibility":"","ast-main-header-display":"","ast-hfb-above-header-display":"","ast-hfb-below-header-display":"","ast-hfb-mobile-header-display":"","site-post-title":"disabled","ast-breadcrumbs-content":"disabled","ast-featured-img":"","footer-sml-layout":"","theme-transparent-header-meta":"default","adv-header-id-meta":"","stick-header-meta":"","header-above-stick-meta":"","header-main-stick-meta":"","header-below-stick-meta":"","astra-migrate-meta-layouts":"set","footnotes":""},"aioseo_notices":[],"_links":{"self":[{"href":"https:\/\/radtech.ca\/fr\/wp-json\/wp\/v2\/pages\/143"}],"collection":[{"href":"https:\/\/radtech.ca\/fr\/wp-json\/wp\/v2\/pages"}],"about":[{"href":"https:\/\/radtech.ca\/fr\/wp-json\/wp\/v2\/types\/page"}],"author":[{"embeddable":true,"href":"https:\/\/radtech.ca\/fr\/wp-json\/wp\/v2\/users\/1"}],"replies":[{"embeddable":true,"href":"https:\/\/radtech.ca\/fr\/wp-json\/wp\/v2\/comments?post=143"}],"version-history":[{"count":41,"href":"https:\/\/radtech.ca\/fr\/wp-json\/wp\/v2\/pages\/143\/revisions"}],"predecessor-version":[{"id":1020,"href":"https:\/\/radtech.ca\/fr\/wp-json\/wp\/v2\/pages\/143\/revisions\/1020"}],"wp:attachment":[{"href":"https:\/\/radtech.ca\/fr\/wp-json\/wp\/v2\/media?parent=143"}],"curies":[{"name":"wp","href":"https:\/\/api.w.org\/{rel}","templated":true}]}}