{"id":141,"date":"2021-03-21T14:45:44","date_gmt":"2021-03-21T14:45:44","guid":{"rendered":"http:\/\/radtech.ca\/fr\/?page_id=141"},"modified":"2025-08-27T10:04:51","modified_gmt":"2025-08-27T14:04:51","slug":"a-propos","status":"publish","type":"page","link":"https:\/\/radtech.ca\/fr\/a-propos\/","title":{"rendered":"\u00c0 propos"},"content":{"rendered":"\n<h1>\n\t\t\u00c0 propos\n\t<\/h1>\n\t\t<h2>\n\t\t\tNotre histoire\n\t\t<\/h2>\n\t<p>Fond\u00e9 par Bertrand Vachon, l&rsquo;usine Ber-Vac est localis\u00e9e dans la r\u00e9gion de Chaudi\u00e8re-Appalaches dans la province de Qu\u00e9bec. La neige y est abondante chaque ann\u00e9e et permet \u00e0 l&rsquo;entreprise de tester les souffleuses presque 6 mois par ann\u00e9e dans des conditions de neige tr\u00e8s difficiles.<\/p>\n\t\n\t\t\t\t<img decoding=\"async\" loading=\"lazy\" src=\"https:\/\/radtech.ca\/fr\/wp-content\/uploads\/sites\/3\/2021\/05\/Souffleuse3pointsdiffferentiel.jpg\" alt=\"Souffleuse3pointsdifff\u00e9rentiel\" itemprop=\"image\" height=\"222\" width=\"298\" title=\"Souffleuse3pointsdifff\u00e9rentiel\" onerror=\"this.style.display='none'\">\n\t\t\t\t<img decoding=\"async\" loading=\"lazy\" src=\"https:\/\/radtech.ca\/fr\/wp-content\/uploads\/sites\/3\/2021\/05\/fourchefumier.png\" alt=\"fourchefumier\" itemprop=\"image\" height=\"273\" width=\"410\" title=\"fourchefumier\" onerror=\"this.style.display='none'\">\n\t\n\t<p>Ber-Vac d\u00e9veloppe et commence la fabrication de fourches \u00e0 fumier mont\u00e9es sur tracteurs agricoles.<\/p>\n\t<p>Ber-Vac d\u00e9veloppe et commence la fabrication de fourches \u00e0 fumier mont\u00e9es sur tracteurs agricoles.<\/p>\n\t\n\t\t\t\t<img decoding=\"async\" loading=\"lazy\" src=\"https:\/\/radtech.ca\/fr\/wp-content\/uploads\/sites\/3\/2021\/05\/fourchefumier.png\" alt=\"fourchefumier\" itemprop=\"image\" height=\"273\" width=\"410\" title=\"fourchefumier\" onerror=\"this.style.display='none'\">\n\t<p>D\u00e9veloppement et fabrication de chariots de ferme, souffleuses industrielles, grues hydrauliques, remorques foresti\u00e8res et herses.<\/p>\n\t\n\t\t\t\t<img decoding=\"async\" loading=\"lazy\" src=\"https:\/\/radtech.ca\/fr\/wp-content\/uploads\/sites\/3\/2021\/05\/cercleuse.png\" alt=\"cercleuse\" itemprop=\"image\" height=\"227\" width=\"437\" title=\"cercleuse\" onerror=\"this.style.display='none'\">\n\t\t\t\t<img decoding=\"async\" loading=\"lazy\" src=\"https:\/\/radtech.ca\/fr\/wp-content\/uploads\/sites\/3\/2021\/05\/montageavant.jpg\" alt=\"montageavant\" itemprop=\"image\" height=\"174\" width=\"199\" title=\"montageavant\" onerror=\"this.style.display='none'\">\n\t\n\t<p>Ber-Vac d\u00e9bute la fabrication de souffleuses \u00e0 neige mont\u00e9es sur l&rsquo;avant des tracteurs.<\/p>\n\t<p>Ber-Vac d\u00e9bute la fabrication de souffleuses \u00e0 neige mont\u00e9es sur l&rsquo;avant des tracteurs.<\/p>\n\t\n\t\t\t\t<img decoding=\"async\" loading=\"lazy\" src=\"https:\/\/radtech.ca\/fr\/wp-content\/uploads\/sites\/3\/2021\/05\/montageavant.jpg\" alt=\"montageavant\" itemprop=\"image\" height=\"174\" width=\"199\" title=\"montageavant\" onerror=\"this.style.display='none'\">\n\t<p>M. Michel&nbsp;Potvin fait l&rsquo;acquisition des actifs&nbsp;de&nbsp;Ber-Vac&nbsp;Inc. qu&rsquo;il renomme&nbsp;RAD Technologies.<\/p>\n\t\n\t\t\t\t<img decoding=\"async\" loading=\"lazy\" src=\"https:\/\/radtech.ca\/fr\/wp-content\/uploads\/sites\/3\/2021\/05\/logorad.png\" alt=\"logorad\" itemprop=\"image\" height=\"61\" width=\"159\" title=\"logorad\" onerror=\"this.style.display='none'\">\n\t\t\t\t<img decoding=\"async\" loading=\"lazy\" src=\"https:\/\/radtech.ca\/fr\/wp-content\/uploads\/sites\/3\/2021\/05\/agrandissement-usine.png\" alt=\"agrandissement usine\" itemprop=\"image\" height=\"228\" width=\"407\" title=\"agrandissement usine\" onerror=\"this.style.display='none'\">\n\t\n\t<p>RAD Technologies d\u00e9bute un plan d&rsquo;investissement de $2.3 M principalement pour agrandir l&rsquo;usine et l&rsquo;acquisition de nouveaux \u00e9quipements.<\/p>\n\t<p>RAD Technologies d\u00e9bute un plan d&rsquo;investissement de $2.3 M principalement pour agrandir l&rsquo;usine et l&rsquo;acquisition de nouveaux \u00e9quipements.<\/p>\n\t\n\t\t\t\t<img decoding=\"async\" loading=\"lazy\" src=\"https:\/\/radtech.ca\/fr\/wp-content\/uploads\/sites\/3\/2021\/05\/agrandissement-usine.png\" alt=\"agrandissement usine\" itemprop=\"image\" height=\"228\" width=\"407\" title=\"agrandissement usine\" onerror=\"this.style.display='none'\">\n\t<p>Gr\u00e2ce \u00e0 de nouveaux investisseurs: Cornerstone&nbsp;Capital&nbsp;Partners, Caisse de D\u00e9p\u00f4t et Placement du Qu\u00e9bec et&nbsp;Roynat, les divisions&nbsp;RAD \u00c9quipement, RAD&nbsp;Internationnal, Gregson Technologies et RAD Technologies sont fusionn\u00e9es pour devenir RADTech&nbsp;Innovation.<\/p>\n\t\n\t\t\t\t<img decoding=\"async\" loading=\"lazy\" src=\"https:\/\/radtech.ca\/fr\/wp-content\/uploads\/sites\/3\/2021\/05\/radtechbrun.jpg\" alt=\"radtechbrun\" itemprop=\"image\" height=\"141\" width=\"450\" title=\"radtechbrun\" onerror=\"this.style.display='none'\">\n\t\t\t\t<img decoding=\"async\" loading=\"lazy\" src=\"https:\/\/radtech.ca\/fr\/wp-content\/uploads\/sites\/3\/1622\/23\/Agrandissement-Usine-2012.png\" alt=\"Agrandissement Usine 2012\" itemprop=\"image\" height=\"822\" width=\"1500\" title=\"Agrandissement Usine 2012\" onerror=\"this.style.display='none'\">\n\t\n\t<p>Agrandissement du magasin et de l&rsquo;entrep\u00f4t pour un investissement de pr\u00eat de 5m$.<\/p>\n\t<p>Agrandissement du magasin et de l&rsquo;entrep\u00f4t pour un investissement de pr\u00eat de 5m$.<\/p>\n\t\n\t\t\t\t<img decoding=\"async\" loading=\"lazy\" src=\"https:\/\/radtech.ca\/fr\/wp-content\/uploads\/sites\/3\/1622\/23\/Agrandissement-Usine-2012.png\" alt=\"Agrandissement Usine 2012\" itemprop=\"image\" height=\"822\" width=\"1500\" title=\"Agrandissement Usine 2012\" onerror=\"this.style.display='none'\">\n\t<p>Acquisition de Rad Tech Innovation par le groupe Dalkotech.&nbsp;<\/p>\n\t\n\t\t\t\t<img decoding=\"async\" loading=\"lazy\" src=\"https:\/\/radtech.ca\/fr\/wp-content\/uploads\/sites\/3\/2021\/05\/nouveaulogo.png\" alt=\"nouveaulogo\" itemprop=\"image\" height=\"165\" width=\"559\" title=\"nouveaulogo\" onerror=\"this.style.display='none'\">\n\t\t\t\t<img decoding=\"async\" loading=\"lazy\" src=\"https:\/\/radtech.ca\/fr\/wp-content\/uploads\/sites\/3\/2021\/05\/feux.png\" alt=\"feux\" itemprop=\"image\" height=\"609\" width=\"1013\" title=\"feux\" onerror=\"this.style.display='none'\">\n\t\n\t<p> Incendie majeur ravageant une tr\u00e8s bonne partie de l&rsquo;usine.<\/p>\n\t<p> Incendie majeur ravageant une tr\u00e8s bonne partie de l&rsquo;usine.<\/p>\n\t\n\t\t\t\t<img decoding=\"async\" loading=\"lazy\" src=\"https:\/\/radtech.ca\/fr\/wp-content\/uploads\/sites\/3\/2021\/05\/feux.png\" alt=\"feux\" itemprop=\"image\" height=\"609\" width=\"1013\" title=\"feux\" onerror=\"this.style.display='none'\">\n\t<p>Reconstruction de l&rsquo;usine et des bureaux incorporant des technologies de fine pointe pour faciliter les op\u00e9rations et augmenter la productivit\u00e9.<\/p>\n\t\n\t\t\t\t<img decoding=\"async\" loading=\"lazy\" src=\"https:\/\/radtech.ca\/fr\/wp-content\/uploads\/sites\/3\/1620\/31\/RAD-front.png\" alt=\"RAD front\" itemprop=\"image\" height=\"1610\" width=\"2580\" title=\"RAD front\" onerror=\"this.style.display='none'\">\n\t\t\t\t<img decoding=\"async\" loading=\"lazy\" src=\"https:\/\/radtech.ca\/fr\/wp-content\/uploads\/sites\/3\/1620\/31\/DSCN9689-scaled.jpg\" alt=\"DSCN9689\" itemprop=\"image\" height=\"1440\" width=\"2560\" title=\"DSCN9689\" onerror=\"this.style.display='none'\">\n\t\n\t<p> Acquisition de cellules de soudage robotis\u00e9es et de d\u00e9coupe au laser pour un investissement de 4m$.<\/p>\n\t<p> Acquisition de cellules de soudage robotis\u00e9es et de d\u00e9coupe au laser pour un investissement de 4m$.<\/p>\n\t\n\t\t\t\t<img decoding=\"async\" loading=\"lazy\" src=\"https:\/\/radtech.ca\/fr\/wp-content\/uploads\/sites\/3\/1620\/31\/DSCN9689-scaled.jpg\" alt=\"DSCN9689\" itemprop=\"image\" height=\"1440\" width=\"2560\" title=\"DSCN9689\" onerror=\"this.style.display='none'\">\n\t\t\t\t\t\t<h3> Mission <\/h3>\n\t\t\t\t\t\t<h3>Mission<\/h3>\n\t\t\t\t\t\t<p>Concevoir&nbsp;et&nbsp;fabriquer&nbsp;des&nbsp;\u00e9quipements&nbsp;et&nbsp;accessoires&nbsp;innovants pour les utilisateurs&nbsp;de&nbsp;tracteurs&nbsp;et&nbsp;v\u00e9hicules&nbsp;de travail,&nbsp;dans le but de faciliter&nbsp;l&rsquo;entretien&nbsp;saisonnier&nbsp;et&nbsp;les&nbsp;travaux&nbsp;d&rsquo;am\u00e9nagement.<\/p>\t\t\t\t\t\n\t\t\t\t\t\t<h3> Vision <\/h3>\n\t\t\t\t\t\t<h3>Vision<\/h3>\n\t\t\t\t\t\t<p>Optimiser le temps !<\/p><ul><li>Dans nos actions de tous les jours\u200b<\/li><li>Dans les caract\u00e9ristiques de nos produits\u200b<\/li><li>Dans nos d\u00e9cisions\u200b<\/li><li>Avec nos clients et fournisseurs internes et externes<\/li><\/ul>\t\t\t\t\t\n\t\t<h2>\n\t\t\tNotre expertise\n\t\t<\/h2>\n\t\t<h4>Ing\u00e9nierie &amp; Design<\/h4>\n\t\t\t\t<img decoding=\"async\" src=\"https:\/\/radtech.ca\/fr\/wp-content\/uploads\/sites\/3\/2021\/03\/sketch.png\" alt=\"sketch\">\n\t\t\t<p>Nous offrons un service cl\u00e9 en main de la conception \u00e0 la livraison tout en respectant les garanties et standards \u00e9lev\u00e9s de nos clients.<\/p>\t\t\n\t\t<h4>Hiver et autres saisons<\/h4>\n\t\t\t\t<img decoding=\"async\" src=\"https:\/\/radtech.ca\/fr\/wp-content\/uploads\/sites\/3\/2021\/05\/weather-1.png\" alt=\"weather (1)\">\n\t\t\t<p>Nous offrons une vaste gamme de produits adapt\u00e9s pour l&rsquo;entretien saisonnier et les travaux d&rsquo;am\u00e9nagement.<\/p>\t\t\n\t\t<h4>Fabrication<\/h4>\n\t\t\t\t<img decoding=\"async\" src=\"https:\/\/radtech.ca\/fr\/wp-content\/uploads\/sites\/3\/2021\/03\/customer-support.png\" alt=\"customer-support\">\n\t\t\t<p>Nous desservons les principaux OEM ainsi que les concessionnaires ind\u00e9pendants depuis plus de 65 ans.<\/p>\t\t\n\t\t<h2>\n\t\t\tPartenariat OEM\n\t\t<\/h2>\n\t\t\t\t\t\t\t\t<!-- pagination -->\n\t\t<h2>\n\t\t\tPartenariat OEM\n\t\t<\/h2>\n\t\t\t\t\t\t\t\t<!-- pagination -->\n\t\t<h2>\n\t\t\tCulture\n\t\t<\/h2>\n<h2>\n\t\tInnovation\n\t<\/h2>\n<h2>\n\t\tD\u00e9passement\n\t<\/h2>\n<h2>\n\t\tCr\u00e9ation de valeur\n\t<\/h2>\n<h2>\n\t\tReconnaissance\n\t<\/h2>\n\t\t<h2>\n\t\t\tValeurs fondamentales de RAD Technologies inc.\n\t\t<\/h2>\n\t\t\t\t<img decoding=\"async\" src=\"https:\/\/radtech.ca\/fr\/wp-content\/uploads\/sites\/3\/2021\/04\/binoculars-1.png\" alt=\"binoculars (1)\">\n\t\t<h4>Rigueur<\/h4>\n\t\t\t\t<img decoding=\"async\" src=\"https:\/\/radtech.ca\/fr\/wp-content\/uploads\/sites\/3\/2021\/04\/self-esteem.png\" alt=\"self-esteem\">\n\t\t<h4>Autonomie<\/h4>\n\t\t\t\t<img decoding=\"async\" src=\"https:\/\/radtech.ca\/fr\/wp-content\/uploads\/sites\/3\/2021\/04\/balance.png\" alt=\"balance\">\n\t\t<h4>Int\u00e9grit\u00e9<\/h4>\n\t\t\t\t<img decoding=\"async\" src=\"https:\/\/radtech.ca\/fr\/wp-content\/uploads\/sites\/3\/2021\/04\/team.png\" alt=\"team\">\n\t\t<h4>Travail d&rsquo;\u00e9quipe<\/h4>\n\t\t\t\t<img decoding=\"async\" src=\"https:\/\/radtech.ca\/fr\/wp-content\/uploads\/sites\/3\/2021\/04\/diversity.png\" alt=\"diversity\">\n\t\t<h4>Respect<\/h4>\n\t\t\t\t<img decoding=\"async\" src=\"https:\/\/radtech.ca\/fr\/wp-content\/uploads\/sites\/3\/2021\/04\/adaptation.png\" alt=\"adaptation\">\n\t\t<h4>Capacit\u00e9 d&rsquo;adaptation<\/h4>\n\t\t<h2>\n\t\t\tFabriqu\u00e9 au Qu\u00e9bec\n\t\t<\/h2>\n\t<iframe src=\"https:\/\/www.google.com\/maps\/embed\/v1\/place?q=rad+technologies+inc&amp;key=AIzaSyD09zQ9PNDNNy9TadMuzRV_UsPUoWKntt8\" aria-hidden=\"true\"><\/iframe>\n\t\t<h3>\n\t\t\tContactez-nous directement:\n\t\t<\/h3>\n\t<strong>Ressources humaines:<br>\n<\/strong>cv@radtech.ca\n<strong>Toutes autres questions:<br>\n<\/strong>radtech@radtech.ca\n\t<strong>Par t\u00e9l\u00e9phone:<\/strong><br>\n+1 (418) 338-4499\n<strong>Par t\u00e9l\u00e9copieur:<\/strong><br>\n+1 (418) 338-2522\n\t\t<h2>\n\t\t\tFabriqu\u00e9 au Qu\u00e9bec\n\t\t<\/h2>\n\t<iframe src=\"https:\/\/www.google.com\/maps\/embed\/v1\/place?q=rad+technologies+inc&amp;key=AIzaSyD09zQ9PNDNNy9TadMuzRV_UsPUoWKntt8\" aria-hidden=\"true\"><\/iframe>\n\t\t<h3>\n\t\t\tContactez-nous directement:\n\t\t<\/h3>\n\t<strong>Ressources humaines:<br>\n<\/strong>cv@radtech.ca\n<strong>Toutes autres questions:<br>\n<\/strong>radtech@radtech.ca\n\t<strong>Par t\u00e9l\u00e9phone:<\/strong><br>\n+1 (418) 338-4499\n<strong>Par t\u00e9l\u00e9copieur:<\/strong><br>\n+1 (418) 338-2522\n\t\t<h2>\n\t\t\tVous avez des besoins sp\u00e9cifiques ?\n\t\t<\/h2>\n\t\t\t<p>Contacter notre \u00e9quipe et nous vous reviendrons dans de tr\u00e8s brefs d\u00e9lais afin de r\u00e9pondre \u00e0 votre demande. Veuillez noter que seulement les demandes qui concernent notre entreprise auront un suivi. Pour toutes questions reli\u00e9es au fabricant, contacter ceux-ci respectivement.<\/p>\n","protected":false},"excerpt":{"rendered":"<p>\u00c0 propos Notre histoire Fond\u00e9 par Bertrand Vachon, l&rsquo;usine Ber-Vac est localis\u00e9e dans la r\u00e9gion de Chaudi\u00e8re-Appalaches dans la province de Qu\u00e9bec. La neige y est abondante chaque ann\u00e9e et permet \u00e0 l&rsquo;entreprise de tester les souffleuses presque 6 mois par ann\u00e9e dans des conditions de neige tr\u00e8s difficiles. Ber-Vac d\u00e9veloppe et commence la fabrication &hellip;<\/p>\n<p class=\"read-more\"> <a class=\"\" href=\"https:\/\/radtech.ca\/fr\/a-propos\/\"> <span class=\"screen-reader-text\">\u00c0 propos<\/span> Read More \u00bb<\/a><\/p>\n","protected":false},"author":1,"featured_media":0,"parent":0,"menu_order":0,"comment_status":"closed","ping_status":"closed","template":"","meta":{"_mi_skip_tracking":false,"_monsterinsights_sitenote_active":false,"_monsterinsights_sitenote_note":"","_monsterinsights_sitenote_category":0,"site-sidebar-layout":"no-sidebar","site-content-layout":"page-builder","ast-site-content-layout":"full-width-container","site-content-style":"unboxed","site-sidebar-style":"unboxed","ast-global-header-display":"","ast-banner-title-visibility":"","ast-main-header-display":"","ast-hfb-above-header-display":"","ast-hfb-below-header-display":"","ast-hfb-mobile-header-display":"","site-post-title":"disabled","ast-breadcrumbs-content":"disabled","ast-featured-img":"","footer-sml-layout":"","theme-transparent-header-meta":"default","adv-header-id-meta":"","stick-header-meta":"default","header-above-stick-meta":"","header-main-stick-meta":"","header-below-stick-meta":"","astra-migrate-meta-layouts":"set","footnotes":""},"aioseo_notices":[],"_links":{"self":[{"href":"https:\/\/radtech.ca\/fr\/wp-json\/wp\/v2\/pages\/141"}],"collection":[{"href":"https:\/\/radtech.ca\/fr\/wp-json\/wp\/v2\/pages"}],"about":[{"href":"https:\/\/radtech.ca\/fr\/wp-json\/wp\/v2\/types\/page"}],"author":[{"embeddable":true,"href":"https:\/\/radtech.ca\/fr\/wp-json\/wp\/v2\/users\/1"}],"replies":[{"embeddable":true,"href":"https:\/\/radtech.ca\/fr\/wp-json\/wp\/v2\/comments?post=141"}],"version-history":[{"count":112,"href":"https:\/\/radtech.ca\/fr\/wp-json\/wp\/v2\/pages\/141\/revisions"}],"predecessor-version":[{"id":956,"href":"https:\/\/radtech.ca\/fr\/wp-json\/wp\/v2\/pages\/141\/revisions\/956"}],"wp:attachment":[{"href":"https:\/\/radtech.ca\/fr\/wp-json\/wp\/v2\/media?parent=141"}],"curies":[{"name":"wp","href":"https:\/\/api.w.org\/{rel}","templated":true}]}}