{"id":138,"date":"2021-03-21T14:35:26","date_gmt":"2021-03-21T14:35:26","guid":{"rendered":"http:\/\/radtech.ca\/fr\/?page_id=138"},"modified":"2021-08-03T02:15:06","modified_gmt":"2021-08-03T02:15:06","slug":"partenariat-oem","status":"publish","type":"page","link":"https:\/\/radtech.ca\/fr\/partenariat-oem\/","title":{"rendered":"Partenariat OEM"},"content":{"rendered":"\n<h1>\n\t\tPartenariat OEM\n\t<\/h1>\n\t\t<h2>\n\t\t\tNos clients\n\t\t<\/h2>\n\t\t\t<p>RAD Technologies inc. est le leader dans la conception et la fabrication sur mesure d&rsquo;impl\u00e9ments OEM. <br \/>Notre \u00e9quipe d&rsquo;ing\u00e9nierie est le coeur de notre entreprise et d\u00e9veloppe des produits adapt\u00e9s aux v\u00e9hicules de nos clients.<\/p>\t\t\n                        \t<img decoding=\"async\" src=\"https:\/\/radtech.ca\/fr\/wp-content\/uploads\/sites\/3\/2021\/03\/John_Deere_logo.svg_.png\" alt=\"https:\/\/radtech.ca\/fr\/wp-content\/uploads\/sites\/3\/2021\/03\/John_Deere_logo.svg_.png\" data-no-lazy=\"1\" \/>\n                        \t<img decoding=\"async\" src=\"https:\/\/radtech.ca\/fr\/wp-content\/uploads\/sites\/3\/2021\/03\/5c04a5b69dde0dc58817c681f3498780.png\" alt=\"https:\/\/radtech.ca\/fr\/wp-content\/uploads\/sites\/3\/2021\/03\/5c04a5b69dde0dc58817c681f3498780.png\" data-no-lazy=\"1\" \/>\n                        \t<img decoding=\"async\" src=\"https:\/\/radtech.ca\/fr\/wp-content\/uploads\/sites\/3\/2021\/05\/CNH_Industrial-Logo.wine_.png\" alt=\"https:\/\/radtech.ca\/fr\/wp-content\/uploads\/sites\/3\/2021\/05\/CNH_Industrial-Logo.wine_.png\" data-no-lazy=\"1\" \/>\n                        \t<img decoding=\"async\" src=\"https:\/\/radtech.ca\/fr\/wp-content\/uploads\/sites\/3\/2021\/03\/45a9b917bec9b32997685f9f52670df8.jpg\" alt=\"https:\/\/radtech.ca\/fr\/wp-content\/uploads\/sites\/3\/2021\/03\/45a9b917bec9b32997685f9f52670df8.jpg\" data-no-lazy=\"1\" \/>\n                        \t<img decoding=\"async\" src=\"https:\/\/radtech.ca\/fr\/wp-content\/uploads\/sites\/3\/2021\/05\/troy-bilt-logo-png-transparent.png\" alt=\"https:\/\/radtech.ca\/fr\/wp-content\/uploads\/sites\/3\/2021\/05\/troy-bilt-logo-png-transparent.png\" data-no-lazy=\"1\" \/>\n                        \t<img decoding=\"async\" src=\"https:\/\/radtech.ca\/fr\/wp-content\/uploads\/sites\/3\/2021\/05\/toro-1-logo-png-transparent.png\" alt=\"https:\/\/radtech.ca\/fr\/wp-content\/uploads\/sites\/3\/2021\/05\/toro-1-logo-png-transparent.png\" data-no-lazy=\"1\" \/>\n                        \t<img decoding=\"async\" src=\"https:\/\/radtech.ca\/fr\/wp-content\/uploads\/sites\/3\/2021\/05\/spirit.png\" alt=\"https:\/\/radtech.ca\/fr\/wp-content\/uploads\/sites\/3\/2021\/05\/spirit.png\" data-no-lazy=\"1\" \/>\n                        \t<img decoding=\"async\" src=\"https:\/\/radtech.ca\/fr\/wp-content\/uploads\/sites\/3\/2021\/05\/Snapper-Logo__07433.1536789311.png\" alt=\"https:\/\/radtech.ca\/fr\/wp-content\/uploads\/sites\/3\/2021\/05\/Snapper-Logo__07433.1536789311.png\" data-no-lazy=\"1\" \/>\n                        \t<img decoding=\"async\" src=\"https:\/\/radtech.ca\/fr\/wp-content\/uploads\/sites\/3\/2021\/05\/simplicity-logo.png\" alt=\"https:\/\/radtech.ca\/fr\/wp-content\/uploads\/sites\/3\/2021\/05\/simplicity-logo.png\" data-no-lazy=\"1\" \/>\n                        \t<img decoding=\"async\" src=\"https:\/\/radtech.ca\/fr\/wp-content\/uploads\/sites\/3\/2021\/05\/1531494421913.png\" alt=\"https:\/\/radtech.ca\/fr\/wp-content\/uploads\/sites\/3\/2021\/05\/1531494421913.png\" data-no-lazy=\"1\" \/>\n                        \t<img decoding=\"async\" src=\"https:\/\/radtech.ca\/fr\/wp-content\/uploads\/sites\/3\/2021\/05\/bobcat_520x200.png\" alt=\"https:\/\/radtech.ca\/fr\/wp-content\/uploads\/sites\/3\/2021\/05\/bobcat_520x200.png\" data-no-lazy=\"1\" \/>\n                        \t<img decoding=\"async\" src=\"https:\/\/radtech.ca\/fr\/wp-content\/uploads\/sites\/3\/2021\/05\/495847321e1d026a65e6ae9b0d44587c.png\" alt=\"https:\/\/radtech.ca\/fr\/wp-content\/uploads\/sites\/3\/2021\/05\/495847321e1d026a65e6ae9b0d44587c.png\" data-no-lazy=\"1\" \/>\n                        \t<img decoding=\"async\" src=\"https:\/\/radtech.ca\/fr\/wp-content\/uploads\/sites\/3\/2021\/05\/grasshoppermower_logo.png\" alt=\"https:\/\/radtech.ca\/fr\/wp-content\/uploads\/sites\/3\/2021\/05\/grasshoppermower_logo.png\" data-no-lazy=\"1\" \/>\n                        \t<img decoding=\"async\" src=\"https:\/\/radtech.ca\/fr\/wp-content\/uploads\/sites\/3\/2021\/05\/honda-3-logo.png\" alt=\"https:\/\/radtech.ca\/fr\/wp-content\/uploads\/sites\/3\/2021\/05\/honda-3-logo.png\" data-no-lazy=\"1\" \/>\n                        \t<img decoding=\"async\" src=\"https:\/\/radtech.ca\/fr\/wp-content\/uploads\/sites\/3\/2021\/05\/1752441.png\" alt=\"https:\/\/radtech.ca\/fr\/wp-content\/uploads\/sites\/3\/2021\/05\/1752441.png\" data-no-lazy=\"1\" \/>\n                        \t<img decoding=\"async\" src=\"https:\/\/radtech.ca\/fr\/wp-content\/uploads\/sites\/3\/2021\/05\/ferris-logo-5B9D5AD041-seeklogo.com_.png\" alt=\"https:\/\/radtech.ca\/fr\/wp-content\/uploads\/sites\/3\/2021\/05\/ferris-logo-5B9D5AD041-seeklogo.com_.png\" data-no-lazy=\"1\" \/>\n                        \t<img decoding=\"async\" src=\"https:\/\/radtech.ca\/fr\/wp-content\/uploads\/sites\/3\/2021\/05\/2016_Exmark_Logo_cmyk.5fa410b3d58fc.png\" alt=\"https:\/\/radtech.ca\/fr\/wp-content\/uploads\/sites\/3\/2021\/05\/2016_Exmark_Logo_cmyk.5fa410b3d58fc.png\" data-no-lazy=\"1\" \/>\n                        \t<img decoding=\"async\" src=\"https:\/\/radtech.ca\/fr\/wp-content\/uploads\/sites\/3\/2021\/05\/Bolens-logo.png\" alt=\"https:\/\/radtech.ca\/fr\/wp-content\/uploads\/sites\/3\/2021\/05\/Bolens-logo.png\" data-no-lazy=\"1\" \/>\n                        \t<img decoding=\"async\" src=\"https:\/\/radtech.ca\/fr\/wp-content\/uploads\/sites\/3\/2021\/05\/ariens.png\" alt=\"https:\/\/radtech.ca\/fr\/wp-content\/uploads\/sites\/3\/2021\/05\/ariens.png\" data-no-lazy=\"1\" \/>\n                        \t<img decoding=\"async\" src=\"https:\/\/radtech.ca\/fr\/wp-content\/uploads\/sites\/3\/2021\/05\/Image3-e1621300208103.png\" alt=\"https:\/\/radtech.ca\/fr\/wp-content\/uploads\/sites\/3\/2021\/05\/Image3-e1621300208103.png\" data-no-lazy=\"1\" \/>\n                        \t<img decoding=\"async\" src=\"https:\/\/radtech.ca\/fr\/wp-content\/uploads\/sites\/3\/2021\/05\/Yanmarlogo-2013.png\" alt=\"https:\/\/radtech.ca\/fr\/wp-content\/uploads\/sites\/3\/2021\/05\/Yanmarlogo-2013.png\" data-no-lazy=\"1\" \/>\n                        \t<img decoding=\"async\" src=\"https:\/\/radtech.ca\/fr\/wp-content\/uploads\/sites\/3\/2021\/05\/wille-logo.png\" alt=\"https:\/\/radtech.ca\/fr\/wp-content\/uploads\/sites\/3\/2021\/05\/wille-logo.png\" data-no-lazy=\"1\" \/>\n                        \t<img decoding=\"async\" src=\"https:\/\/radtech.ca\/fr\/wp-content\/uploads\/sites\/3\/2021\/03\/John_Deere_logo.svg_.png\" alt=\"https:\/\/radtech.ca\/fr\/wp-content\/uploads\/sites\/3\/2021\/03\/John_Deere_logo.svg_.png\" data-no-lazy=\"1\" \/>\n                        \t<img decoding=\"async\" src=\"https:\/\/radtech.ca\/fr\/wp-content\/uploads\/sites\/3\/2021\/03\/5c04a5b69dde0dc58817c681f3498780.png\" alt=\"https:\/\/radtech.ca\/fr\/wp-content\/uploads\/sites\/3\/2021\/03\/5c04a5b69dde0dc58817c681f3498780.png\" data-no-lazy=\"1\" \/>\n                        \t<img decoding=\"async\" src=\"https:\/\/radtech.ca\/fr\/wp-content\/uploads\/sites\/3\/2021\/05\/CNH_Industrial-Logo.wine_.png\" alt=\"https:\/\/radtech.ca\/fr\/wp-content\/uploads\/sites\/3\/2021\/05\/CNH_Industrial-Logo.wine_.png\" data-no-lazy=\"1\" \/>\n                        \t<img decoding=\"async\" src=\"https:\/\/radtech.ca\/fr\/wp-content\/uploads\/sites\/3\/2021\/03\/45a9b917bec9b32997685f9f52670df8.jpg\" alt=\"https:\/\/radtech.ca\/fr\/wp-content\/uploads\/sites\/3\/2021\/03\/45a9b917bec9b32997685f9f52670df8.jpg\" data-no-lazy=\"1\" \/>\n                        \t<img decoding=\"async\" src=\"https:\/\/radtech.ca\/fr\/wp-content\/uploads\/sites\/3\/2021\/05\/troy-bilt-logo-png-transparent.png\" alt=\"https:\/\/radtech.ca\/fr\/wp-content\/uploads\/sites\/3\/2021\/05\/troy-bilt-logo-png-transparent.png\" data-no-lazy=\"1\" \/>\n                        \t<img decoding=\"async\" src=\"https:\/\/radtech.ca\/fr\/wp-content\/uploads\/sites\/3\/2021\/05\/toro-1-logo-png-transparent.png\" alt=\"https:\/\/radtech.ca\/fr\/wp-content\/uploads\/sites\/3\/2021\/05\/toro-1-logo-png-transparent.png\" data-no-lazy=\"1\" \/>\n                        \t<img decoding=\"async\" src=\"https:\/\/radtech.ca\/fr\/wp-content\/uploads\/sites\/3\/2021\/05\/spirit.png\" alt=\"https:\/\/radtech.ca\/fr\/wp-content\/uploads\/sites\/3\/2021\/05\/spirit.png\" data-no-lazy=\"1\" \/>\n                        \t<img decoding=\"async\" src=\"https:\/\/radtech.ca\/fr\/wp-content\/uploads\/sites\/3\/2021\/05\/Snapper-Logo__07433.1536789311.png\" alt=\"https:\/\/radtech.ca\/fr\/wp-content\/uploads\/sites\/3\/2021\/05\/Snapper-Logo__07433.1536789311.png\" data-no-lazy=\"1\" \/>\n                        \t<img decoding=\"async\" src=\"https:\/\/radtech.ca\/fr\/wp-content\/uploads\/sites\/3\/2021\/05\/simplicity-logo.png\" alt=\"https:\/\/radtech.ca\/fr\/wp-content\/uploads\/sites\/3\/2021\/05\/simplicity-logo.png\" data-no-lazy=\"1\" \/>\n                        \t<img decoding=\"async\" src=\"https:\/\/radtech.ca\/fr\/wp-content\/uploads\/sites\/3\/2021\/05\/1531494421913.png\" alt=\"https:\/\/radtech.ca\/fr\/wp-content\/uploads\/sites\/3\/2021\/05\/1531494421913.png\" data-no-lazy=\"1\" \/>\n                        \t<img decoding=\"async\" src=\"https:\/\/radtech.ca\/fr\/wp-content\/uploads\/sites\/3\/2021\/05\/bobcat_520x200.png\" alt=\"https:\/\/radtech.ca\/fr\/wp-content\/uploads\/sites\/3\/2021\/05\/bobcat_520x200.png\" data-no-lazy=\"1\" \/>\n                        \t<img decoding=\"async\" src=\"https:\/\/radtech.ca\/fr\/wp-content\/uploads\/sites\/3\/2021\/05\/495847321e1d026a65e6ae9b0d44587c.png\" alt=\"https:\/\/radtech.ca\/fr\/wp-content\/uploads\/sites\/3\/2021\/05\/495847321e1d026a65e6ae9b0d44587c.png\" data-no-lazy=\"1\" \/>\n                        \t<img decoding=\"async\" src=\"https:\/\/radtech.ca\/fr\/wp-content\/uploads\/sites\/3\/2021\/05\/grasshoppermower_logo.png\" alt=\"https:\/\/radtech.ca\/fr\/wp-content\/uploads\/sites\/3\/2021\/05\/grasshoppermower_logo.png\" data-no-lazy=\"1\" \/>\n                        \t<img decoding=\"async\" src=\"https:\/\/radtech.ca\/fr\/wp-content\/uploads\/sites\/3\/2021\/05\/honda-3-logo.png\" alt=\"https:\/\/radtech.ca\/fr\/wp-content\/uploads\/sites\/3\/2021\/05\/honda-3-logo.png\" data-no-lazy=\"1\" \/>\n                        \t<img decoding=\"async\" src=\"https:\/\/radtech.ca\/fr\/wp-content\/uploads\/sites\/3\/2021\/05\/1752441.png\" alt=\"https:\/\/radtech.ca\/fr\/wp-content\/uploads\/sites\/3\/2021\/05\/1752441.png\" data-no-lazy=\"1\" \/>\n                        \t<img decoding=\"async\" src=\"https:\/\/radtech.ca\/fr\/wp-content\/uploads\/sites\/3\/2021\/05\/ferris-logo-5B9D5AD041-seeklogo.com_.png\" alt=\"https:\/\/radtech.ca\/fr\/wp-content\/uploads\/sites\/3\/2021\/05\/ferris-logo-5B9D5AD041-seeklogo.com_.png\" data-no-lazy=\"1\" \/>\n                        \t<img decoding=\"async\" src=\"https:\/\/radtech.ca\/fr\/wp-content\/uploads\/sites\/3\/2021\/05\/2016_Exmark_Logo_cmyk.5fa410b3d58fc.png\" alt=\"https:\/\/radtech.ca\/fr\/wp-content\/uploads\/sites\/3\/2021\/05\/2016_Exmark_Logo_cmyk.5fa410b3d58fc.png\" data-no-lazy=\"1\" \/>\n                        \t<img decoding=\"async\" src=\"https:\/\/radtech.ca\/fr\/wp-content\/uploads\/sites\/3\/2021\/05\/Bolens-logo.png\" alt=\"https:\/\/radtech.ca\/fr\/wp-content\/uploads\/sites\/3\/2021\/05\/Bolens-logo.png\" data-no-lazy=\"1\" \/>\n                        \t<img decoding=\"async\" src=\"https:\/\/radtech.ca\/fr\/wp-content\/uploads\/sites\/3\/2021\/05\/ariens.png\" alt=\"https:\/\/radtech.ca\/fr\/wp-content\/uploads\/sites\/3\/2021\/05\/ariens.png\" data-no-lazy=\"1\" \/>\n                        \t<img decoding=\"async\" src=\"https:\/\/radtech.ca\/fr\/wp-content\/uploads\/sites\/3\/2021\/05\/Image3-e1621300208103.png\" alt=\"https:\/\/radtech.ca\/fr\/wp-content\/uploads\/sites\/3\/2021\/05\/Image3-e1621300208103.png\" data-no-lazy=\"1\" \/>\n                        \t<img decoding=\"async\" src=\"https:\/\/radtech.ca\/fr\/wp-content\/uploads\/sites\/3\/2021\/05\/Yanmarlogo-2013.png\" alt=\"https:\/\/radtech.ca\/fr\/wp-content\/uploads\/sites\/3\/2021\/05\/Yanmarlogo-2013.png\" data-no-lazy=\"1\" \/>\n                        \t<img decoding=\"async\" src=\"https:\/\/radtech.ca\/fr\/wp-content\/uploads\/sites\/3\/2021\/05\/wille-logo.png\" alt=\"https:\/\/radtech.ca\/fr\/wp-content\/uploads\/sites\/3\/2021\/05\/wille-logo.png\" data-no-lazy=\"1\" \/>\n\t\t<h2>\n\t\t\tNotre offre OEM\n\t\t<\/h2>\n\t\t\t\t<img decoding=\"async\" loading=\"lazy\" src=\"https:\/\/radtech.ca\/fr\/wp-content\/uploads\/sites\/3\/1620\/31\/Rendu-souffleuse-inverse-1.png\" alt=\"Rendu souffleuse invers\u00e9\" itemprop=\"image\" height=\"608\" width=\"664\" title=\"Rendu souffleuse invers\u00e9\" onerror=\"this.style.display='none'\"  \/>\n\t\t\t<h4>Ing\u00e9nierie\/Innovation\/Design<\/h4>\n\t\t\t\t<img decoding=\"async\" loading=\"lazy\" src=\"https:\/\/radtech.ca\/fr\/wp-content\/uploads\/sites\/3\/1621\/74\/Screen-Shot-2015-02-11-at-3.40.34-PM.png\" alt=\"Screen Shot 2015-02-11 at 3.40.34 PM\" itemprop=\"image\" height=\"1438\" width=\"2560\" title=\"Screen Shot 2015-02-11 at 3.40.34 PM\" onerror=\"this.style.display='none'\"  \/>\n\t\t\t<h4>Leader des impl\u00e9ments avant<\/h4>\n\t\t\t\t<img decoding=\"async\" loading=\"lazy\" src=\"https:\/\/radtech.ca\/fr\/wp-content\/uploads\/sites\/3\/2021\/07\/salle-conference.jpg\" alt=\"salle conference\" itemprop=\"image\" height=\"962\" width=\"1803\" title=\"salle conference\" onerror=\"this.style.display='none'\"  \/>\n\t\t\t<h4>Confiance et proximit\u00e9<\/h4>\n\t\t\t\t<img decoding=\"async\" loading=\"lazy\" src=\"https:\/\/radtech.ca\/fr\/wp-content\/uploads\/sites\/3\/2021\/05\/49B67A2F-0008-48C6-9D27-EE79A31A1B2C_1_102_o.jpeg\" alt=\"49B67A2F-0008-48C6-9D27-EE79A31A1B2C_1_102_o\" itemprop=\"image\" height=\"1448\" width=\"2172\" title=\"49B67A2F-0008-48C6-9D27-EE79A31A1B2C_1_102_o\" onerror=\"this.style.display='none'\"  \/>\n\t\t\t<h4>Flexibilit\u00e9 et agilit\u00e9<\/h4>\n\t\t\t\t<img decoding=\"async\" loading=\"lazy\" src=\"https:\/\/radtech.ca\/fr\/wp-content\/uploads\/sites\/3\/2021\/05\/E45AD466-EEA3-4642-AE14-B43B61006FED_1_105_c.jpeg\" alt=\"E45AD466-EEA3-4642-AE14-B43B61006FED_1_105_c\" itemprop=\"image\" height=\"1024\" width=\"768\" title=\"E45AD466-EEA3-4642-AE14-B43B61006FED_1_105_c\" onerror=\"this.style.display='none'\"  \/>\n\t\t\t<h4>Capacit\u00e9 manufacturi\u00e8re<\/h4>\n\t\t\t\t<img decoding=\"async\" loading=\"lazy\" src=\"https:\/\/radtech.ca\/fr\/wp-content\/uploads\/sites\/3\/2021\/05\/78A4D0E4-E04F-48D2-8181-61D6800E0AC1_1_102_o.jpeg\" alt=\"78A4D0E4-E04F-48D2-8181-61D6800E0AC1_1_102_o\" itemprop=\"image\" height=\"1448\" width=\"2172\" title=\"78A4D0E4-E04F-48D2-8181-61D6800E0AC1_1_102_o\" onerror=\"this.style.display='none'\"  \/>\n\t\t\t<h4>Sp\u00e9cialiste de l&rsquo;hiver<\/h4>\n\t\t<h2>\n\t\t\tVous avez des besoins sp\u00e9cifiques ?\n\t\t<\/h2>\n\t\t\t<p>Contacter notre \u00e9quipe et nous vous reviendrons dans de tr\u00e8s brefs d\u00e9lais afin de r\u00e9pondre \u00e0 votre demande. Veuillez noter que seulement les demandes qui concernent notre entreprise auront un suivi. Pour toutes questions reli\u00e9es au fabricant, contacter ceux-ci respectivement.<\/p>\t\t\n\n","protected":false},"excerpt":{"rendered":"<p>Partenariat OEM Nos clients RAD Technologies inc. est le leader dans la conception et la fabrication sur mesure d&rsquo;impl\u00e9ments OEM. Notre \u00e9quipe d&rsquo;ing\u00e9nierie est le coeur de notre entreprise et d\u00e9veloppe des produits adapt\u00e9s aux v\u00e9hicules de nos clients. Notre offre OEM Ing\u00e9nierie\/Innovation\/Design Leader des impl\u00e9ments avant Confiance et proximit\u00e9 Flexibilit\u00e9 et agilit\u00e9 Capacit\u00e9 manufacturi\u00e8re &hellip;<\/p>\n<p class=\"read-more\"> <a class=\"\" href=\"https:\/\/radtech.ca\/fr\/partenariat-oem\/\"> <span class=\"screen-reader-text\">Partenariat OEM<\/span> Read More \u00bb<\/a><\/p>\n","protected":false},"author":1,"featured_media":0,"parent":0,"menu_order":0,"comment_status":"closed","ping_status":"closed","template":"","meta":{"_mi_skip_tracking":false,"_monsterinsights_sitenote_active":false,"_monsterinsights_sitenote_note":"","_monsterinsights_sitenote_category":0,"site-sidebar-layout":"no-sidebar","site-content-layout":"page-builder","ast-site-content-layout":"","site-content-style":"default","site-sidebar-style":"default","ast-global-header-display":"","ast-banner-title-visibility":"","ast-main-header-display":"","ast-hfb-above-header-display":"","ast-hfb-below-header-display":"","ast-hfb-mobile-header-display":"","site-post-title":"disabled","ast-breadcrumbs-content":"disabled","ast-featured-img":"","footer-sml-layout":"","theme-transparent-header-meta":"default","adv-header-id-meta":"","stick-header-meta":"","header-above-stick-meta":"","header-main-stick-meta":"","header-below-stick-meta":"","astra-migrate-meta-layouts":"","footnotes":""},"aioseo_notices":[],"_links":{"self":[{"href":"https:\/\/radtech.ca\/fr\/wp-json\/wp\/v2\/pages\/138"}],"collection":[{"href":"https:\/\/radtech.ca\/fr\/wp-json\/wp\/v2\/pages"}],"about":[{"href":"https:\/\/radtech.ca\/fr\/wp-json\/wp\/v2\/types\/page"}],"author":[{"embeddable":true,"href":"https:\/\/radtech.ca\/fr\/wp-json\/wp\/v2\/users\/1"}],"replies":[{"embeddable":true,"href":"https:\/\/radtech.ca\/fr\/wp-json\/wp\/v2\/comments?post=138"}],"version-history":[{"count":49,"href":"https:\/\/radtech.ca\/fr\/wp-json\/wp\/v2\/pages\/138\/revisions"}],"predecessor-version":[{"id":876,"href":"https:\/\/radtech.ca\/fr\/wp-json\/wp\/v2\/pages\/138\/revisions\/876"}],"wp:attachment":[{"href":"https:\/\/radtech.ca\/fr\/wp-json\/wp\/v2\/media?parent=138"}],"curies":[{"name":"wp","href":"https:\/\/api.w.org\/{rel}","templated":true}]}}