{"id":136,"date":"2021-03-21T14:34:23","date_gmt":"2021-03-21T14:34:23","guid":{"rendered":"http:\/\/radtech.ca\/fr\/?page_id=136"},"modified":"2021-07-20T02:15:58","modified_gmt":"2021-07-20T02:15:58","slug":"produits","status":"publish","type":"page","link":"https:\/\/radtech.ca\/fr\/produits\/","title":{"rendered":"Produits"},"content":{"rendered":"\n<h1>\n\t\tNos produits RAD\n\t<\/h1>\n\t\t<h2>\n\t\t\tNos produits sont con\u00e7us pour <br \/> vous aider \u00e0 entretenir les saisons\n\t\t<\/h2>\n\t\t\t\t<img decoding=\"async\" loading=\"lazy\" src=\"https:\/\/radtech.ca\/fr\/wp-content\/uploads\/sites\/3\/1620\/30\/GAMMEHIVERNALE-scaled.jpg\" alt=\"GAMMEHIVERNALE\" itemprop=\"image\" height=\"1920\" width=\"2560\" title=\"GAMMEHIVERNALE\" onerror=\"this.style.display='none'\"  \/>\n\t\t\t<h4>Produits hivernaux<\/h4>\n\t\t\t<p>Les produits de la gamme hivernale sont une des sp\u00e9cialit\u00e9s chez RAD Technologies inc. Ces derniers se d\u00e9marquent par leur efficacit\u00e9 et leur robustesse afin de facilit\u00e9 au maximum votre d\u00e9neigement durant la saison hivernale.<\/p>\t\t\n\t\t\t\t<img decoding=\"async\" loading=\"lazy\" src=\"https:\/\/radtech.ca\/fr\/wp-content\/uploads\/sites\/3\/1619\/46\/kayla-s-6xOPqIWownE-unsplash-scaled.jpg\" alt=\"kayla-s-6xOPqIWownE-unsplash\" itemprop=\"image\" height=\"1919\" width=\"2560\" title=\"kayla-s-6xOPqIWownE-unsplash\" onerror=\"this.style.display='none'\"  \/>\n\t\t\t<h4>Produits saisonniers<\/h4>\n\t\t\t<p>Que ce soit pour la tonte de gazon, balayer les salet\u00e9s ou souffler les feuilles, RAD Technologies inc. offre une panoplie de produits qui r\u00e9pondront \u00e0 vos besoins et qui sauront s&rsquo;appareiller parfaitement \u00e0 votre v\u00e9hicule.<\/p>\t\t\n\t\t\t\t<img decoding=\"async\" loading=\"lazy\" src=\"https:\/\/radtech.ca\/fr\/wp-content\/uploads\/sites\/3\/2021\/05\/0001-scaled.jpg\" alt=\"0001\" itemprop=\"image\" height=\"2560\" width=\"1978\" title=\"0001\" onerror=\"this.style.display='none'\"  \/>\n\t\t\t<h4>Autres produits<\/h4>\n\t\t\t<p>RAD Technologies inc. offre une panoplie d&rsquo;autres produits et d&rsquo;accessoires qui r\u00e9pondront \u00e0 vos besoins et qui sauront s&rsquo;appareill\u00e9 parfaitement \u00e0 votre v\u00e9hicule.<\/p>\t\t\n\t\t<h2>\n\t\t\tNos produits sont con\u00e7us pour <br \/> vous aider \u00e0 entretenir les saisons\n\t\t<\/h2>\n\t\t\t\t<img decoding=\"async\" loading=\"lazy\" src=\"https:\/\/radtech.ca\/fr\/wp-content\/uploads\/sites\/3\/1620\/30\/GAMMEHIVERNALE-scaled.jpg\" alt=\"GAMMEHIVERNALE\" itemprop=\"image\" height=\"1920\" width=\"2560\" title=\"GAMMEHIVERNALE\" onerror=\"this.style.display='none'\"  \/>\n\t\t\t<h4>Produits hivernaux<\/h4>\n\t\t\t<p>Les produits de la gamme hivernale sont une des sp\u00e9cialit\u00e9s chez RAD Technologies inc. Ces derniers se d\u00e9marquent par leur efficacit\u00e9 et leur robustesse afin de facilit\u00e9 au maximum votre d\u00e9neigement durant la saison hivernale.<\/p>\t\t\n\t\t\t\t<img decoding=\"async\" loading=\"lazy\" src=\"https:\/\/radtech.ca\/fr\/wp-content\/uploads\/sites\/3\/1619\/46\/kayla-s-6xOPqIWownE-unsplash-scaled.jpg\" alt=\"kayla-s-6xOPqIWownE-unsplash\" itemprop=\"image\" height=\"1919\" width=\"2560\" title=\"kayla-s-6xOPqIWownE-unsplash\" onerror=\"this.style.display='none'\"  \/>\n\t\t\t<h4>Produits saisonniers<\/h4>\n\t\t\t<p>Que ce soit pour la tonte de gazon, balayer les salet\u00e9s ou souffler les feuilles, RAD Technologies inc. offre une panoplie de produits qui r\u00e9pondront \u00e0 vos besoins et qui sauront s&rsquo;appareiller parfaitement \u00e0 votre v\u00e9hicule.<\/p>\t\t\n\t\t\t\t<img decoding=\"async\" loading=\"lazy\" src=\"https:\/\/radtech.ca\/fr\/wp-content\/uploads\/sites\/3\/2021\/05\/0001-scaled.jpg\" alt=\"0001\" itemprop=\"image\" height=\"2560\" width=\"1978\" title=\"0001\" onerror=\"this.style.display='none'\"  \/>\n\t\t\t<h4>Autres produits<\/h4>\n\t\t\t<p>RAD Technologies inc. offre une panoplie d&rsquo;autres produits et d&rsquo;accessoires qui r\u00e9pondront \u00e0 vos besoins et qui sauront s&rsquo;appareill\u00e9 parfaitement \u00e0 votre v\u00e9hicule.<\/p>\t\t\n\t\t<h2>\n\t\t\tQuelques produits RAD\n\t\t<\/h2>\n\t\t\t\t\t\t\t\t<!-- pagination -->\n\t\t<h2>\n\t\t\tQuelques produits RAD\n\t\t<\/h2>\n\t\t\t\t\t\t\t\t<!-- pagination -->\n\t\t<h2>\n\t\t\tVous avez des besoins sp\u00e9cifiques ?\n\t\t<\/h2>\n\t\t\t<p>Contacter notre \u00e9quipe et nous vous reviendrons dans de tr\u00e8s brefs d\u00e9lais afin de r\u00e9pondre \u00e0 votre demande. Veuillez noter que seulement les demandes qui concernent notre entreprise auront un suivi. Pour toutes questions reli\u00e9es au fabricant, contacter ceux-ci respectivement.<\/p>\t\t\n\n","protected":false},"excerpt":{"rendered":"<p>Nos produits RAD Nos produits sont con\u00e7us pour vous aider \u00e0 entretenir les saisons Produits hivernaux Les produits de la gamme hivernale sont une des sp\u00e9cialit\u00e9s chez RAD Technologies inc. Ces derniers se d\u00e9marquent par leur efficacit\u00e9 et leur robustesse afin de facilit\u00e9 au maximum votre d\u00e9neigement durant la saison hivernale. Produits saisonniers Que ce &hellip;<\/p>\n<p class=\"read-more\"> <a class=\"\" href=\"https:\/\/radtech.ca\/fr\/produits\/\"> <span class=\"screen-reader-text\">Produits<\/span> Read More \u00bb<\/a><\/p>\n","protected":false},"author":1,"featured_media":0,"parent":0,"menu_order":0,"comment_status":"closed","ping_status":"closed","template":"","meta":{"_mi_skip_tracking":false,"_monsterinsights_sitenote_active":false,"_monsterinsights_sitenote_note":"","_monsterinsights_sitenote_category":0,"site-sidebar-layout":"no-sidebar","site-content-layout":"page-builder","ast-site-content-layout":"","site-content-style":"default","site-sidebar-style":"default","ast-global-header-display":"","ast-banner-title-visibility":"","ast-main-header-display":"","ast-hfb-above-header-display":"","ast-hfb-below-header-display":"","ast-hfb-mobile-header-display":"","site-post-title":"disabled","ast-breadcrumbs-content":"disabled","ast-featured-img":"","footer-sml-layout":"","theme-transparent-header-meta":"default","adv-header-id-meta":"","stick-header-meta":"","header-above-stick-meta":"","header-main-stick-meta":"","header-below-stick-meta":"","astra-migrate-meta-layouts":"","footnotes":""},"aioseo_notices":[],"_links":{"self":[{"href":"https:\/\/radtech.ca\/fr\/wp-json\/wp\/v2\/pages\/136"}],"collection":[{"href":"https:\/\/radtech.ca\/fr\/wp-json\/wp\/v2\/pages"}],"about":[{"href":"https:\/\/radtech.ca\/fr\/wp-json\/wp\/v2\/types\/page"}],"author":[{"embeddable":true,"href":"https:\/\/radtech.ca\/fr\/wp-json\/wp\/v2\/users\/1"}],"replies":[{"embeddable":true,"href":"https:\/\/radtech.ca\/fr\/wp-json\/wp\/v2\/comments?post=136"}],"version-history":[{"count":70,"href":"https:\/\/radtech.ca\/fr\/wp-json\/wp\/v2\/pages\/136\/revisions"}],"predecessor-version":[{"id":856,"href":"https:\/\/radtech.ca\/fr\/wp-json\/wp\/v2\/pages\/136\/revisions\/856"}],"wp:attachment":[{"href":"https:\/\/radtech.ca\/fr\/wp-json\/wp\/v2\/media?parent=136"}],"curies":[{"name":"wp","href":"https:\/\/api.w.org\/{rel}","templated":true}]}}