{"id":1026,"date":"2025-11-27T09:41:12","date_gmt":"2025-11-27T14:41:12","guid":{"rendered":"https:\/\/radtech.ca\/fr\/?page_id=1026"},"modified":"2025-12-23T09:39:06","modified_gmt":"2025-12-23T14:39:06","slug":"politique-de-qualite-de-radtech","status":"publish","type":"page","link":"https:\/\/radtech.ca\/fr\/politique-de-qualite-de-radtech\/","title":{"rendered":"Politique de qualit\u00e9 de Radtech"},"content":{"rendered":"\n\n\t<h1>Politique de qualit\u00e9 de Radtech<\/h1>\n<p>L&rsquo;\u00e9quipe de RAD Technologies est d\u00e9termin\u00e9e \u00e0 tout mettre en \u0153uvre pour que votre \u00e9quipement et\/ou accessoire soit une exp\u00e9rience de qualit\u00e9 \u00e0 valeur ajout\u00e9e en permettant une \u00e9conomie de temps. La qualit\u00e9 est au c\u0153ur de notre engagement et s&rsquo;inscrit dans une d\u00e9marche quotidienne d&rsquo;am\u00e9lioration continue.<\/p>\n<p>Nous sommes fiers de vous offrir des produits ainsi que des services d&rsquo;ing\u00e9nierie adapt\u00e9s \u00e0 vos besoins et r\u00e9pondant \u00e0 vos attentes et qui vous procureront pleine satisfaction dans l&rsquo;entretien de vos biens.<\/p>\n\n","protected":false},"excerpt":{"rendered":"<p>Politique de qualit\u00e9 de Radtech L&rsquo;\u00e9quipe de RAD Technologies est d\u00e9termin\u00e9e \u00e0 tout mettre en \u0153uvre pour que votre \u00e9quipement et\/ou accessoire soit une exp\u00e9rience de qualit\u00e9 \u00e0 valeur ajout\u00e9e en permettant une \u00e9conomie de temps. La qualit\u00e9 est au c\u0153ur de notre engagement et s&rsquo;inscrit dans une d\u00e9marche quotidienne d&rsquo;am\u00e9lioration continue. Nous sommes fiers &hellip;<\/p>\n<p class=\"read-more\"> <a class=\"\" href=\"https:\/\/radtech.ca\/fr\/politique-de-qualite-de-radtech\/\"> <span class=\"screen-reader-text\">Politique de qualit\u00e9 de Radtech<\/span> Read More \u00bb<\/a><\/p>\n","protected":false},"author":1,"featured_media":0,"parent":0,"menu_order":0,"comment_status":"closed","ping_status":"closed","template":"","meta":{"_mi_skip_tracking":false,"_monsterinsights_sitenote_active":false,"_monsterinsights_sitenote_note":"","_monsterinsights_sitenote_category":0,"site-sidebar-layout":"no-sidebar","site-content-layout":"page-builder","ast-site-content-layout":"full-width-container","site-content-style":"unboxed","site-sidebar-style":"unboxed","ast-global-header-display":"","ast-banner-title-visibility":"","ast-main-header-display":"","ast-hfb-above-header-display":"","ast-hfb-below-header-display":"","ast-hfb-mobile-header-display":"","site-post-title":"disabled","ast-breadcrumbs-content":"disabled","ast-featured-img":"","footer-sml-layout":"","theme-transparent-header-meta":"default","adv-header-id-meta":"","stick-header-meta":"default","header-above-stick-meta":"","header-main-stick-meta":"","header-below-stick-meta":"","astra-migrate-meta-layouts":"set","footnotes":""},"aioseo_notices":[],"_links":{"self":[{"href":"https:\/\/radtech.ca\/fr\/wp-json\/wp\/v2\/pages\/1026"}],"collection":[{"href":"https:\/\/radtech.ca\/fr\/wp-json\/wp\/v2\/pages"}],"about":[{"href":"https:\/\/radtech.ca\/fr\/wp-json\/wp\/v2\/types\/page"}],"author":[{"embeddable":true,"href":"https:\/\/radtech.ca\/fr\/wp-json\/wp\/v2\/users\/1"}],"replies":[{"embeddable":true,"href":"https:\/\/radtech.ca\/fr\/wp-json\/wp\/v2\/comments?post=1026"}],"version-history":[{"count":5,"href":"https:\/\/radtech.ca\/fr\/wp-json\/wp\/v2\/pages\/1026\/revisions"}],"predecessor-version":[{"id":1034,"href":"https:\/\/radtech.ca\/fr\/wp-json\/wp\/v2\/pages\/1026\/revisions\/1034"}],"wp:attachment":[{"href":"https:\/\/radtech.ca\/fr\/wp-json\/wp\/v2\/media?parent=1026"}],"curies":[{"name":"wp","href":"https:\/\/api.w.org\/{rel}","templated":true}]}}