{"id":10,"date":"2016-10-27T20:32:24","date_gmt":"2016-10-27T20:32:24","guid":{"rendered":"http:\/\/radtech.ca\/fr\/?page_id=10"},"modified":"2025-11-18T13:42:30","modified_gmt":"2025-11-18T18:42:30","slug":"nous-joindre","status":"publish","type":"page","link":"https:\/\/radtech.ca\/fr\/nous-joindre\/","title":{"rendered":"Contact"},"content":{"rendered":"\n<h1>\n\t\tContact\n\t<\/h1>\n\t\t<h2>\n\t\t\tVous avez des besoins sp\u00e9cifiques ?\n\t\t<\/h2>\n\t\t\t<p>Contacter notre \u00e9quipe et nous vous reviendrons dans de tr\u00e8s brefs d\u00e9lais afin de r\u00e9pondre \u00e0 votre demande. Veuillez noter que seulement les demandes qui concernent notre entreprise auront un suivi. Pour toutes questions reli\u00e9es au fabricant, contacter ceux-ci respectivement.<\/p>\t\t\n\t\t<h2>\n\t\t\tFabriqu\u00e9 au Qu\u00e9bec\n\t\t<\/h2>\n\t<iframe src=\"https:\/\/www.google.com\/maps\/embed\/v1\/place?q=rad+technologies+inc&amp;key=AIzaSyD09zQ9PNDNNy9TadMuzRV_UsPUoWKntt8\" aria-hidden=\"true\"><\/iframe>\n\t\t<h3>\n\t\t\tContactez-nous directement:\n\t\t<\/h3>\n\t<strong>Ressources humaines:<br>\n<\/strong><a title=\"mailto:cv@radtech.com\" href=\"mailto:cv@radtech.com\" data-linkindex=\"2\" data-olk-copy-source=\"MessageBody\">cv@radtech.com<\/a>\n<strong>Toutes autres questions:<br>\n<\/strong>radtech@radtech.ca\n\t<strong>Par t\u00e9l\u00e9phone:<\/strong><br>\n+1 (418) 338-4499\n<strong>Par t\u00e9l\u00e9copieur:<\/strong><br>\n+1 (418) 338-2522\n","protected":false},"excerpt":{"rendered":"<p>Contact Vous avez des besoins sp\u00e9cifiques ? Contacter notre \u00e9quipe et nous vous reviendrons dans de tr\u00e8s brefs d\u00e9lais afin de r\u00e9pondre \u00e0 votre demande. Veuillez noter que seulement les demandes qui concernent notre entreprise auront un suivi. Pour toutes questions reli\u00e9es au fabricant, contacter ceux-ci respectivement. Fabriqu\u00e9 au Qu\u00e9bec Contactez-nous directement: Ressources humaines: cv@radtech.com &hellip;<\/p>\n<p class=\"read-more\"> <a class=\"\" href=\"https:\/\/radtech.ca\/fr\/nous-joindre\/\"> <span class=\"screen-reader-text\">Contact<\/span> Read More \u00bb<\/a><\/p>\n","protected":false},"author":1,"featured_media":0,"parent":0,"menu_order":0,"comment_status":"closed","ping_status":"closed","template":"","meta":{"_mi_skip_tracking":false,"_monsterinsights_sitenote_active":false,"_monsterinsights_sitenote_note":"","_monsterinsights_sitenote_category":0,"site-sidebar-layout":"no-sidebar","site-content-layout":"page-builder","ast-site-content-layout":"full-width-container","site-content-style":"unboxed","site-sidebar-style":"unboxed","ast-global-header-display":"","ast-banner-title-visibility":"","ast-main-header-display":"","ast-hfb-above-header-display":"","ast-hfb-below-header-display":"","ast-hfb-mobile-header-display":"","site-post-title":"disabled","ast-breadcrumbs-content":"disabled","ast-featured-img":"","footer-sml-layout":"","theme-transparent-header-meta":"default","adv-header-id-meta":"","stick-header-meta":"","header-above-stick-meta":"","header-main-stick-meta":"","header-below-stick-meta":"","astra-migrate-meta-layouts":"set","footnotes":""},"aioseo_notices":[],"_links":{"self":[{"href":"https:\/\/radtech.ca\/fr\/wp-json\/wp\/v2\/pages\/10"}],"collection":[{"href":"https:\/\/radtech.ca\/fr\/wp-json\/wp\/v2\/pages"}],"about":[{"href":"https:\/\/radtech.ca\/fr\/wp-json\/wp\/v2\/types\/page"}],"author":[{"embeddable":true,"href":"https:\/\/radtech.ca\/fr\/wp-json\/wp\/v2\/users\/1"}],"replies":[{"embeddable":true,"href":"https:\/\/radtech.ca\/fr\/wp-json\/wp\/v2\/comments?post=10"}],"version-history":[{"count":21,"href":"https:\/\/radtech.ca\/fr\/wp-json\/wp\/v2\/pages\/10\/revisions"}],"predecessor-version":[{"id":1022,"href":"https:\/\/radtech.ca\/fr\/wp-json\/wp\/v2\/pages\/10\/revisions\/1022"}],"wp:attachment":[{"href":"https:\/\/radtech.ca\/fr\/wp-json\/wp\/v2\/media?parent=10"}],"curies":[{"name":"wp","href":"https:\/\/api.w.org\/{rel}","templated":true}]}}